{"id":4,"date":"2025-05-24T11:24:27","date_gmt":"2025-05-24T11:24:27","guid":{"rendered":"https:\/\/wordpress.dartbusters.de\/?page_id=4"},"modified":"2026-04-06T19:29:11","modified_gmt":"2026-04-06T19:29:11","slug":"start","status":"publish","type":"page","link":"https:\/\/www.dartbusters.de\/","title":{"rendered":"START"},"content":{"rendered":"\n<hr class=\"wp-block-separator has-alpha-channel-opacity is-style-wide\"\/>\n\n\n\n<p class=\"has-text-align-center\"><strong><mark style=\"background-color:rgba(0, 0, 0, 0)\" class=\"has-inline-color has-theme-palette-13-color\">!!! ANMELDUNG ZUM ORTSVEREINSTURNIER 2026 !!!<\/mark><\/strong><\/p>\n\n\n<div class=\"pt-cv-wrapper\"><div class=\"pt-cv-view pt-cv-blockgrid iscvblock iscvhybrid list1 layout1\" id=\"pt-cv-view-8defe39uqc\"><div data-id=\"pt-cv-page-1\" class=\"pt-cv-page\" data-cvc=\"1\"><div class=\" pt-cv-content-item pt-cv-2-col\" ><div class=\"pt-cv-taxoterm above_title\"><a href='https:\/\/www.dartbusters.de\/?cat=8' title='Verein' class='pt-cv-tax-verein'>Verein<\/a><\/div>\n<h4 class=\"pt-cv-title\"><a href=\"https:\/\/www.dartbusters.de\/?p=2734\" class=\"_self\" target=\"_self\" >11. Ortsvereins Dart Turnier am 25.04.2026<\/a><\/h4>\n<div class=\"pt-cv-content\">\n<p>Anmeldung <a href=\"https:\/\/www.dartbusters.de\/wp-content\/uploads\/2026\/01\/Anmeldung-OVT-Dart-2026-2.pdf\">hier<\/a><\/p>\n\n\n\n<p><\/p>\n<\/div><\/div><\/div><\/div><\/div>\t\t\t<style type=\"text\/css\" id=\"pt-cv-inline-style-a6e889c9og\">\n#pt-cv-view-8defe39uqc .pt-cv-thumb-wrapper:not(.miniwrap) { width: 40%; }#pt-cv-view-8defe39uqc .pt-cv-thumbnail:not(.pt-cv-thumbnailsm) { height: 300px; }#pt-cv-view-8defe39uqc > .pt-cv-page {grid-template-columns: repeat(1, 1fr);grid-gap: 15px;}\n@media all and (max-width: 1024px) { \n#pt-cv-view-8defe39uqc > .pt-cv-page {grid-template-columns: repeat(1, 1fr);}\n} \n@media all and (max-width: 767px) { \n#pt-cv-view-8defe39uqc > .pt-cv-page {grid-template-columns: repeat(1, 1fr);}\n} <\/style>\r\n\t\t\t\n\n\n\n<hr class=\"wp-block-separator has-alpha-channel-opacity is-style-wide\"\/>\n\n\n\n<h2 class=\"wp-block-heading has-text-align-center\"><strong>Die Dart Busters Kleinostheim 1994 e.V.<\/strong><\/h2>\n\n\n\n<p><\/p>\n\n\n\n<p>Wir sind ein aktiver Dartverein aus Kleinostheim mit Leidenschaft f\u00fcr E-Dart.<\/p>\n\n\n\n<p>Auf <a href=\"http:\/\/www.dartbusters.de\">www.dartbusters.de<\/a> findest du alles \u00fcber unsere Teams, Turniere und das Vereinsleben \u2013 direkt aus dem Wei\u00dfes Ro\u00df, unserer Heimspielst\u00e4tte.<\/p>\n\n\n\n<div class=\"wp-block-columns is-layout-flex wp-container-core-columns-is-layout-9d6595d7 wp-block-columns-is-layout-flex\">\n<div class=\"wp-block-column is-layout-flow wp-block-column-is-layout-flow\">\n<div class=\"wp-block-columns is-layout-flex wp-container-core-columns-is-layout-9d6595d7 wp-block-columns-is-layout-flex\">\n<div class=\"wp-block-column is-layout-flow wp-block-column-is-layout-flow\">\n<p>Die Busters&nbsp;spielen aktuell mit zwei Teams in der <a href=\"https:\/\/baerenliga.de\" data-type=\"link\" data-id=\"https:\/\/baerenliga.de\" target=\"_blank\" rel=\"noreferrer noopener\">B\u00e4renliga<\/a><a href=\"https:\/\/baerenliga.de\" data-type=\"link\" data-id=\"https:\/\/baerenliga.de\"> 2.0<\/a> und mit einem Team beim <a href=\"https:\/\/dsab-vfs.de\" data-type=\"link\" data-id=\"https:\/\/dsab-vfs.de\" target=\"_blank\" rel=\"noreferrer noopener\">Deutschen-Sportautomatenbund e.V.<\/a>.<\/p>\n\n\n\n<p><strong>B\u00e4renliga 2.0:<\/strong><\/p>\n\n\n\n<p><a href=\"http:\/\/www.dartbusters.de\/?page_id=31\" data-type=\"page\" data-id=\"31\">Team 1<\/a>: Bezirksliga<br><a href=\"http:\/\/www.dartbusters.de\/?page_id=33\" data-type=\"page\" data-id=\"33\">Team 2<\/a>: A-Liga<br><br><em><strong>Spieltag:<\/strong> Freitag<\/em><\/p>\n\n\n\n<p><strong>DSAB Liga<\/strong><\/p>\n\n\n\n<p><a href=\"http:\/\/www.dartbusters.de\/?page_id=35\" data-type=\"page\" data-id=\"35\">Team 3<\/a>: C-Liga<\/p>\n\n\n\n<p><em><strong>Spieltag:<\/strong> Mittwoch<\/em><\/p>\n<\/div>\n\n\n\n<div class=\"wp-block-column is-layout-flow wp-block-column-is-layout-flow\">\n<div id=\"envira-gallery-wrap-391\" class=\"envira-gallery-wrap envira-gallery-theme-base envira-lightbox-theme-base\" itemscope itemtype=\"https:\/\/schema.org\/ImageGallery\"><div data-row-height=\"150\" data-gallery-theme=\"normal\" id=\"envira-gallery-391\" class=\"envira-gallery-public envira-gallery-justified-public envira-gallery-0-columns envira-clear enviratope envira-gallery-css-animations\" data-envira-columns=\"0\"><div id=\"envira-gallery-item-2678\" class=\"envira-gallery-item enviratope-item envira-gallery-item-1 envira-lazy-load\" style=\"padding-left: 5px; padding-bottom: 10px; padding-right: 5px;\"  itemscope itemtype=\"https:\/\/schema.org\/ImageObject\"><div class=\"envira-gallery-item-inner\"><div class=\"envira-gallery-position-overlay  envira-gallery-top-left\"><\/div><div class=\"envira-gallery-position-overlay  envira-gallery-top-right\"><\/div><div class=\"envira-gallery-position-overlay  envira-gallery-bottom-left\"><\/div><div class=\"envira-gallery-position-overlay  envira-gallery-bottom-right\"><\/div><a href=\"https:\/\/www.dartbusters.de\/wp-content\/uploads\/2025\/05\/033d7c17-634d-4f5d-83c4-31ef7f1f2cb8-2-1.jpg\" class=\"envira-gallery-391 envira-gallery-link\" rel=\"enviragallery391\" title=\"033d7c17-634d-4f5d-83c4-31ef7f1f2cb8 2\" data-envira-caption=\"033d7c17-634d-4f5d-83c4-31ef7f1f2cb8 2\" data-envira-retina=\"\" data-thumbnail=\"\"  itemprop=\"contentUrl\"><img decoding=\"async\" id=\"envira-gallery-image-2678\" class=\"envira-gallery-image envira-gallery-image-1 envira-normal envira-lazy\" data-envira-index=\"1\" src=\"https:\/\/www.dartbusters.de\/wp-content\/uploads\/2025\/05\/033d7c17-634d-4f5d-83c4-31ef7f1f2cb8-2-1-1024x1024-640x480.jpg\" data-envira-src=\"https:\/\/www.dartbusters.de\/wp-content\/uploads\/2025\/05\/033d7c17-634d-4f5d-83c4-31ef7f1f2cb8-2-1-1024x1024-640x480.jpg\" data-envira-gallery-id=\"391\" data-envira-item-id=\"2678\" data-envira-caption=\"033d7c17-634d-4f5d-83c4-31ef7f1f2cb8 2\" alt=\"\" title=\"033d7c17-634d-4f5d-83c4-31ef7f1f2cb8 2\"  itemprop=\"thumbnailUrl\" data-envira-srcset=\"https:\/\/www.dartbusters.de\/wp-content\/uploads\/2025\/05\/033d7c17-634d-4f5d-83c4-31ef7f1f2cb8-2-1-1024x1024-640x480.jpg 400w,https:\/\/www.dartbusters.de\/wp-content\/uploads\/2025\/05\/033d7c17-634d-4f5d-83c4-31ef7f1f2cb8-2-1-1024x1024-640x480.jpg 2x\" data-envira-width=\"300\" data-envira-height=\"300\" srcset=\"data:image\/gif;base64,R0lGODlhAQABAIAAAP\/\/\/\/\/\/\/yH5BAEKAAEALAAAAAABAAEAAAICTAEAOw==\" data-safe-src=\"data:image\/gif;base64,R0lGODlhAQABAIAAAP\/\/\/\/\/\/\/yH5BAEKAAEALAAAAAABAAEAAAICTAEAOw==\" \/><\/a><\/div><\/div><div id=\"envira-gallery-item-2680\" class=\"envira-gallery-item enviratope-item envira-gallery-item-2 envira-lazy-load\" style=\"padding-left: 5px; padding-bottom: 10px; padding-right: 5px;\"  itemscope itemtype=\"https:\/\/schema.org\/ImageObject\"><div class=\"envira-gallery-item-inner\"><div class=\"envira-gallery-position-overlay  envira-gallery-top-left\"><\/div><div class=\"envira-gallery-position-overlay  envira-gallery-top-right\"><\/div><div class=\"envira-gallery-position-overlay  envira-gallery-bottom-left\"><\/div><div class=\"envira-gallery-position-overlay  envira-gallery-bottom-right\"><\/div><a href=\"https:\/\/www.dartbusters.de\/wp-content\/uploads\/2025\/05\/2063470d-9a43-41ed-ab5f-dbfdabe8a082-2-1-scaled.jpg\" class=\"envira-gallery-391 envira-gallery-link\" rel=\"enviragallery391\" title=\"2063470d-9a43-41ed-ab5f-dbfdabe8a082 2\" data-envira-caption=\"2063470d-9a43-41ed-ab5f-dbfdabe8a082 2\" data-envira-retina=\"\" data-thumbnail=\"\"  itemprop=\"contentUrl\"><img decoding=\"async\" id=\"envira-gallery-image-2680\" class=\"envira-gallery-image envira-gallery-image-2 envira-normal envira-lazy\" data-envira-index=\"2\" src=\"https:\/\/www.dartbusters.de\/wp-content\/uploads\/2025\/05\/2063470d-9a43-41ed-ab5f-dbfdabe8a082-2-1-768x1024-640x480.jpg\" data-envira-src=\"https:\/\/www.dartbusters.de\/wp-content\/uploads\/2025\/05\/2063470d-9a43-41ed-ab5f-dbfdabe8a082-2-1-768x1024-640x480.jpg\" data-envira-gallery-id=\"391\" data-envira-item-id=\"2680\" data-envira-caption=\"2063470d-9a43-41ed-ab5f-dbfdabe8a082 2\" alt=\"\" title=\"2063470d-9a43-41ed-ab5f-dbfdabe8a082 2\"  itemprop=\"thumbnailUrl\" data-envira-srcset=\"https:\/\/www.dartbusters.de\/wp-content\/uploads\/2025\/05\/2063470d-9a43-41ed-ab5f-dbfdabe8a082-2-1-768x1024-640x480.jpg 400w,https:\/\/www.dartbusters.de\/wp-content\/uploads\/2025\/05\/2063470d-9a43-41ed-ab5f-dbfdabe8a082-2-1-768x1024-640x480.jpg 2x\" data-envira-width=\"225\" data-envira-height=\"300\" srcset=\"data:image\/gif;base64,R0lGODlhAQABAIAAAP\/\/\/\/\/\/\/yH5BAEKAAEALAAAAAABAAEAAAICTAEAOw==\" data-safe-src=\"data:image\/gif;base64,R0lGODlhAQABAIAAAP\/\/\/\/\/\/\/yH5BAEKAAEALAAAAAABAAEAAAICTAEAOw==\" \/><\/a><\/div><\/div><div id=\"envira-gallery-item-2682\" class=\"envira-gallery-item enviratope-item envira-gallery-item-3 envira-lazy-load\" style=\"padding-left: 5px; padding-bottom: 10px; padding-right: 5px;\"  itemscope itemtype=\"https:\/\/schema.org\/ImageObject\"><div class=\"envira-gallery-item-inner\"><div class=\"envira-gallery-position-overlay  envira-gallery-top-left\"><\/div><div class=\"envira-gallery-position-overlay  envira-gallery-top-right\"><\/div><div class=\"envira-gallery-position-overlay  envira-gallery-bottom-left\"><\/div><div class=\"envira-gallery-position-overlay  envira-gallery-bottom-right\"><\/div><a href=\"https:\/\/www.dartbusters.de\/wp-content\/uploads\/2025\/05\/7c2a1840-c05d-424c-a86c-e1c5ef7b0ba6-2-2-scaled.jpg\" class=\"envira-gallery-391 envira-gallery-link\" rel=\"enviragallery391\" title=\"7c2a1840-c05d-424c-a86c-e1c5ef7b0ba6 2\" data-envira-caption=\"7c2a1840-c05d-424c-a86c-e1c5ef7b0ba6 2\" data-envira-retina=\"\" data-thumbnail=\"\"  itemprop=\"contentUrl\"><img decoding=\"async\" id=\"envira-gallery-image-2682\" class=\"envira-gallery-image envira-gallery-image-3 envira-normal envira-lazy\" data-envira-index=\"3\" src=\"https:\/\/www.dartbusters.de\/wp-content\/uploads\/2025\/05\/7c2a1840-c05d-424c-a86c-e1c5ef7b0ba6-2-2-1024x478-640x480.jpg\" data-envira-src=\"https:\/\/www.dartbusters.de\/wp-content\/uploads\/2025\/05\/7c2a1840-c05d-424c-a86c-e1c5ef7b0ba6-2-2-1024x478-640x480.jpg\" data-envira-gallery-id=\"391\" data-envira-item-id=\"2682\" data-envira-caption=\"7c2a1840-c05d-424c-a86c-e1c5ef7b0ba6 2\" alt=\"\" title=\"7c2a1840-c05d-424c-a86c-e1c5ef7b0ba6 2\"  itemprop=\"thumbnailUrl\" data-envira-srcset=\"https:\/\/www.dartbusters.de\/wp-content\/uploads\/2025\/05\/7c2a1840-c05d-424c-a86c-e1c5ef7b0ba6-2-2-1024x478-640x480.jpg 400w,https:\/\/www.dartbusters.de\/wp-content\/uploads\/2025\/05\/7c2a1840-c05d-424c-a86c-e1c5ef7b0ba6-2-2-1024x478-640x480.jpg 2x\" data-envira-width=\"300\" data-envira-height=\"140\" srcset=\"data:image\/gif;base64,R0lGODlhAQABAIAAAP\/\/\/\/\/\/\/yH5BAEKAAEALAAAAAABAAEAAAICTAEAOw==\" data-safe-src=\"data:image\/gif;base64,R0lGODlhAQABAIAAAP\/\/\/\/\/\/\/yH5BAEKAAEALAAAAAABAAEAAAICTAEAOw==\" \/><\/a><\/div><\/div><div id=\"envira-gallery-item-2681\" class=\"envira-gallery-item enviratope-item envira-gallery-item-4 envira-lazy-load\" style=\"padding-left: 5px; padding-bottom: 10px; padding-right: 5px;\"  itemscope itemtype=\"https:\/\/schema.org\/ImageObject\"><div class=\"envira-gallery-item-inner\"><div class=\"envira-gallery-position-overlay  envira-gallery-top-left\"><\/div><div class=\"envira-gallery-position-overlay  envira-gallery-top-right\"><\/div><div class=\"envira-gallery-position-overlay  envira-gallery-bottom-left\"><\/div><div class=\"envira-gallery-position-overlay  envira-gallery-bottom-right\"><\/div><a href=\"https:\/\/www.dartbusters.de\/wp-content\/uploads\/2025\/05\/2156cb48-6495-47eb-b679-859806e74a27-2.jpg\" class=\"envira-gallery-391 envira-gallery-link\" rel=\"enviragallery391\" title=\"2156cb48-6495-47eb-b679-859806e74a27\" data-envira-caption=\"2156cb48-6495-47eb-b679-859806e74a27\" data-envira-retina=\"\" data-thumbnail=\"\"  itemprop=\"contentUrl\"><img decoding=\"async\" id=\"envira-gallery-image-2681\" class=\"envira-gallery-image envira-gallery-image-4 envira-normal envira-lazy\" data-envira-index=\"4\" src=\"https:\/\/www.dartbusters.de\/wp-content\/uploads\/2025\/05\/2156cb48-6495-47eb-b679-859806e74a27-2-1024x1024-640x480.jpg\" data-envira-src=\"https:\/\/www.dartbusters.de\/wp-content\/uploads\/2025\/05\/2156cb48-6495-47eb-b679-859806e74a27-2-1024x1024-640x480.jpg\" data-envira-gallery-id=\"391\" data-envira-item-id=\"2681\" data-envira-caption=\"2156cb48-6495-47eb-b679-859806e74a27\" alt=\"\" title=\"2156cb48-6495-47eb-b679-859806e74a27\"  itemprop=\"thumbnailUrl\" data-envira-srcset=\"https:\/\/www.dartbusters.de\/wp-content\/uploads\/2025\/05\/2156cb48-6495-47eb-b679-859806e74a27-2-1024x1024-640x480.jpg 400w,https:\/\/www.dartbusters.de\/wp-content\/uploads\/2025\/05\/2156cb48-6495-47eb-b679-859806e74a27-2-1024x1024-640x480.jpg 2x\" data-envira-width=\"300\" data-envira-height=\"300\" srcset=\"data:image\/gif;base64,R0lGODlhAQABAIAAAP\/\/\/\/\/\/\/yH5BAEKAAEALAAAAAABAAEAAAICTAEAOw==\" data-safe-src=\"data:image\/gif;base64,R0lGODlhAQABAIAAAP\/\/\/\/\/\/\/yH5BAEKAAEALAAAAAABAAEAAAICTAEAOw==\" \/><\/a><\/div><\/div><\/div><\/div><noscript><img decoding=\"async\" src=\"https:\/\/www.dartbusters.de\/wp-content\/uploads\/2025\/05\/033d7c17-634d-4f5d-83c4-31ef7f1f2cb8-2-1.jpg\" alt=\"\" \/><img decoding=\"async\" src=\"https:\/\/www.dartbusters.de\/wp-content\/uploads\/2025\/05\/2063470d-9a43-41ed-ab5f-dbfdabe8a082-2-1-scaled.jpg\" alt=\"\" \/><img decoding=\"async\" src=\"https:\/\/www.dartbusters.de\/wp-content\/uploads\/2025\/05\/7c2a1840-c05d-424c-a86c-e1c5ef7b0ba6-2-2-scaled.jpg\" alt=\"\" \/><img decoding=\"async\" src=\"https:\/\/www.dartbusters.de\/wp-content\/uploads\/2025\/05\/2156cb48-6495-47eb-b679-859806e74a27-2.jpg\" alt=\"\" \/><\/noscript>\n<\/div>\n<\/div>\n<\/div>\n<\/div>\n\n\n\n<p><\/p>\n\n\n\n<p><strong>Unsere Heimat: Wei\u00dfes Ro\u00df Kleinostheim<\/strong><\/p>\n\n\n\n<p>Wir trainieren und spielen im traditionsreichen <strong>Gasthaus Wei\u00dfes Ro\u00df<\/strong> in Kleinostheim \u2013 zentral gelegen, gem\u00fctlich und perfekt f\u00fcr spannende Abende mit Pfeil und Kaltgetr\u00e4nk.<\/p>\n\n\n<div class=\"wp-block-image\">\n<figure class=\"aligncenter size-full\"><img loading=\"lazy\" decoding=\"async\" width=\"700\" height=\"192\" src=\"https:\/\/wordpress.dartbusters.de\/wp-content\/uploads\/2025\/05\/image.png\" alt=\"\" class=\"wp-image-1433\" srcset=\"https:\/\/www.dartbusters.de\/wp-content\/uploads\/2025\/05\/image.png 700w, https:\/\/www.dartbusters.de\/wp-content\/uploads\/2025\/05\/image-300x82.png 300w\" sizes=\"auto, (max-width: 700px) 100vw, 700px\" \/><\/figure>\n<\/div>\n\n\n<p class=\"has-text-align-center\"><strong>Gasthof Wei\u00dfes Ro\u00df<br><\/strong>Aschaffenburger Str. 2<br>63801 Kleinostheim<\/p>\n\n\n\n<p class=\"has-text-align-center\"><a href=\"https:\/\/www.weisses-ross.info\">\u2192 Zur Website &#8222;Wei\u00dfes Ro\u00df&#8220;<\/a><\/p>\n","protected":false},"excerpt":{"rendered":"<p>!!! ANMELDUNG ZUM ORTSVEREINSTURNIER 2026 !!! Die Dart Busters Kleinostheim 1994 e.V. Wir sind ein aktiver Dartverein aus Kleinostheim mit Leidenschaft f\u00fcr E-Dart. Auf www.dartbusters.de findest du alles \u00fcber unsere&#8230;<\/p>\n","protected":false},"author":1,"featured_media":0,"parent":0,"menu_order":0,"comment_status":"closed","ping_status":"closed","template":"","meta":{"_kadence_starter_templates_imported_post":false,"_kad_post_transparent":"","_kad_post_title":"","_kad_post_layout":"","_kad_post_sidebar_id":"","_kad_post_content_style":"","_kad_post_vertical_padding":"","_kad_post_feature":"","_kad_post_feature_position":"","_kad_post_header":false,"_kad_post_footer":false,"_kad_post_classname":"","footnotes":""},"class_list":["post-4","page","type-page","status-publish","hentry"],"_links":{"self":[{"href":"https:\/\/www.dartbusters.de\/index.php?rest_route=\/wp\/v2\/pages\/4","targetHints":{"allow":["GET"]}}],"collection":[{"href":"https:\/\/www.dartbusters.de\/index.php?rest_route=\/wp\/v2\/pages"}],"about":[{"href":"https:\/\/www.dartbusters.de\/index.php?rest_route=\/wp\/v2\/types\/page"}],"author":[{"embeddable":true,"href":"https:\/\/www.dartbusters.de\/index.php?rest_route=\/wp\/v2\/users\/1"}],"replies":[{"embeddable":true,"href":"https:\/\/www.dartbusters.de\/index.php?rest_route=%2Fwp%2Fv2%2Fcomments&post=4"}],"version-history":[{"count":31,"href":"https:\/\/www.dartbusters.de\/index.php?rest_route=\/wp\/v2\/pages\/4\/revisions"}],"predecessor-version":[{"id":2787,"href":"https:\/\/www.dartbusters.de\/index.php?rest_route=\/wp\/v2\/pages\/4\/revisions\/2787"}],"wp:attachment":[{"href":"https:\/\/www.dartbusters.de\/index.php?rest_route=%2Fwp%2Fv2%2Fmedia&parent=4"}],"curies":[{"name":"wp","href":"https:\/\/api.w.org\/{rel}","templated":true}]}}