{"id":16,"date":"2025-05-24T11:38:05","date_gmt":"2025-05-24T11:38:05","guid":{"rendered":"https:\/\/wordpress.dartbusters.de\/?page_id=16"},"modified":"2026-04-28T06:05:21","modified_gmt":"2026-04-28T06:05:21","slug":"teams","status":"publish","type":"page","link":"http:\/\/www.dartbusters.de\/?page_id=16","title":{"rendered":"TEAMS"},"content":{"rendered":"<div class=\"wp-block-image\">\n<figure class=\"aligncenter size-full\"><img loading=\"lazy\" decoding=\"async\" width=\"300\" height=\"200\" src=\"https:\/\/www.dartbusters.de\/wp-content\/uploads\/2025\/05\/dartliga-5.png\" alt=\"Dartliga\" class=\"wp-image-1459\"\/><\/figure>\n<\/div>\n\n\n<p>Die Dart Busters gehen mit mehreren Mannschaften in verschiedenen Ligen an den Start.<\/p>\n\n\n\n<p>Hier findest du einen \u00dcberblick \u00fcber unsere aktiven Teams, ihre Spielklassen und Links zu aktuellen Spielpl\u00e4nen.<\/p>\n\n\n\n<p><strong>Team 1 \u2013 \u201e<a href=\"http:\/\/www.dartbusters.de\/?page_id=31\" data-type=\"page\" data-id=\"31\">Busters 1<\/a>\u201c (E-Dart)<\/strong><\/p>\n\n\n\n<p>\u2022 Liga: <strong>B\u00e4renliga<\/strong><\/p>\n\n\n\n<p>\u2022 Spielklasse: Bezirksliga <\/p>\n\n\n\n<p>\u2022 Gruppe: 3<\/p>\n\n\n\n<p>\u2022 Heimspiele: Freitags, 20:00 Uhr Wei\u00dfes Ro\u00df (alternierend mit Busters 2)<\/p>\n\n\n\n<p>\u2022 Kapit\u00e4n: Gerhard Papst<\/p>\n\n\n\n<p>\u2e3b<\/p>\n\n\n\n<p><strong>Team 2 \u2013 \u201e<a href=\"http:\/\/www.dartbusters.de\/?page_id=33\" data-type=\"page\" data-id=\"33\">Busters 2<\/a>\u201c (E-Dart)<\/strong><\/p>\n\n\n\n<figure class=\"wp-block-image size-large is-resized\"><img loading=\"lazy\" decoding=\"async\" width=\"1024\" height=\"1024\" src=\"https:\/\/www.dartbusters.de\/wp-content\/uploads\/2025\/05\/busters2-1024x1024.png\" alt=\"\" class=\"wp-image-1441\" style=\"width:466px;height:auto\" srcset=\"http:\/\/www.dartbusters.de\/wp-content\/uploads\/2025\/05\/busters2-1024x1024.png 1024w, http:\/\/www.dartbusters.de\/wp-content\/uploads\/2025\/05\/busters2-300x300.png 300w, http:\/\/www.dartbusters.de\/wp-content\/uploads\/2025\/05\/busters2-150x150.png 150w, http:\/\/www.dartbusters.de\/wp-content\/uploads\/2025\/05\/busters2-768x768.png 768w, http:\/\/www.dartbusters.de\/wp-content\/uploads\/2025\/05\/busters2.png 1496w\" sizes=\"auto, (max-width: 1024px) 100vw, 1024px\" \/><\/figure>\n\n\n\n<p>\u2022 Liga: <strong>B\u00e4renliga<\/strong><\/p>\n\n\n\n<p>\u2022 Spielklasse: A-Liga<\/p>\n\n\n\n<p>\u2022 Gruppe: 4<\/p>\n\n\n\n<p>\u2022 Heimspiele: Freitags, 20:00 Uhr Wei\u00dfes Ro\u00df (alternierend mit Busters 1)<\/p>\n\n\n\n<p>\u2022 Kapit\u00e4n: Steffen Englert<\/p>\n\n\n\n<p>\u2e3b<\/p>\n\n\n\n<p><strong>Team 3 \u2013 \u201e<a href=\"http:\/\/www.dartbusters.de\/?page_id=35\" data-type=\"page\" data-id=\"35\">Busters 3<\/a>\u201c (E-Dart)<\/strong><\/p>\n\n\n\n<p>\u2022 Liga: <strong>DSH Dart Liga<\/strong><\/p>\n\n\n\n<p>\u2022 Spielklasse: C-Liga<\/p>\n\n\n\n<p>\u2022 Heimspiele: Mittwochs, 20:00 Uhr Wei\u00dfes Ro\u00df (alle 2 Wochen)<\/p>\n\n\n\n<p>\u2022 Kapit\u00e4n: Celina Winter<\/p>\n","protected":false},"excerpt":{"rendered":"<p>Die Dart Busters gehen mit mehreren Mannschaften in verschiedenen Ligen an den Start. Hier findest du einen \u00dcberblick \u00fcber unsere aktiven Teams, ihre Spielklassen und Links zu aktuellen Spielpl\u00e4nen. Team&#8230;<\/p>\n","protected":false},"author":1,"featured_media":0,"parent":0,"menu_order":0,"comment_status":"closed","ping_status":"closed","template":"","meta":{"_kadence_starter_templates_imported_post":false,"_kad_post_transparent":"","_kad_post_title":"","_kad_post_layout":"","_kad_post_sidebar_id":"","_kad_post_content_style":"","_kad_post_vertical_padding":"","_kad_post_feature":"","_kad_post_feature_position":"","_kad_post_header":false,"_kad_post_footer":false,"_kad_post_classname":"","footnotes":""},"class_list":["post-16","page","type-page","status-publish","hentry"],"_links":{"self":[{"href":"http:\/\/www.dartbusters.de\/index.php?rest_route=\/wp\/v2\/pages\/16","targetHints":{"allow":["GET"]}}],"collection":[{"href":"http:\/\/www.dartbusters.de\/index.php?rest_route=\/wp\/v2\/pages"}],"about":[{"href":"http:\/\/www.dartbusters.de\/index.php?rest_route=\/wp\/v2\/types\/page"}],"author":[{"embeddable":true,"href":"http:\/\/www.dartbusters.de\/index.php?rest_route=\/wp\/v2\/users\/1"}],"replies":[{"embeddable":true,"href":"http:\/\/www.dartbusters.de\/index.php?rest_route=%2Fwp%2Fv2%2Fcomments&post=16"}],"version-history":[{"count":22,"href":"http:\/\/www.dartbusters.de\/index.php?rest_route=\/wp\/v2\/pages\/16\/revisions"}],"predecessor-version":[{"id":2792,"href":"http:\/\/www.dartbusters.de\/index.php?rest_route=\/wp\/v2\/pages\/16\/revisions\/2792"}],"wp:attachment":[{"href":"http:\/\/www.dartbusters.de\/index.php?rest_route=%2Fwp%2Fv2%2Fmedia&parent=16"}],"curies":[{"name":"wp","href":"https:\/\/api.w.org\/{rel}","templated":true}]}}